{"id":6,"date":"2018-07-21T15:24:50","date_gmt":"2018-07-21T15:24:50","guid":{"rendered":"http:\/\/aikataulut.suokki.net\/?page_id=6"},"modified":"2025-12-02T12:31:19","modified_gmt":"2025-12-02T12:31:19","slug":"6-2","status":"publish","type":"page","link":"https:\/\/aikataulut.suokki.net\/","title":{"rendered":"ja takaisin"},"content":{"rendered":"<div align=\"center\">\n<div align=\"center\">\n<div align=\"center\">\n<ol>\n<li><a href=\"https:\/\/www.frs-finland.fi\/suomenlinna-lonna\/\"><cite><strong><span style=\"color: #000080;\">Suomen Saaristokuljetus<\/span><\/strong><\/cite><\/a><\/li>\n<\/ol>\n<p><span style=\"color: #3366ff;\"><strong><a style=\"color: #3366ff;\" href=\"https:\/\/www.reittiopas.fi\/linjat\/HSL:1019\/pysakit\/HSL:1019:0:01\"><cite>lautta Kauppatorilta<br \/>\n<\/cite><\/a><\/strong><\/span><\/p>\n<p><span style=\"color: #3366ff;\"><a style=\"color: #3366ff;\" href=\"https:\/\/www.reittiopas.fi\/linjat\/HSL:1019\/pysakit\/HSL:1019:1:01\"><cite><strong>lautta Suokista<br \/>\n<\/strong><\/cite><\/a><\/span><\/p>\n<\/div>\n<\/div>\n<\/div>\n<div align=\"center\">\n<p><span style=\"color: #3366ff;\"><cite><strong><a style=\"color: #3366ff;\" href=\"https:\/\/www.reittiopas.fi\/pysakit\/HSL:1080701\">huoltolautta Katajanokalta (vain arkisin)<\/a><br \/>\n<\/strong><\/cite><\/span><\/p>\n<p><span style=\"color: #3366ff;\"><a style=\"color: #3366ff;\" href=\"https:\/\/www.reittiopas.fi\/pysakit\/HSL:1520703\"><cite><strong>huoltolautta Suokista (vain arkisin)<\/strong><\/cite><\/a><\/span><\/p>\n<div align=\"center\">\n<p><a href=\"https:\/\/suomenlinna.fi\/ajankohtaista\/\"><cite><strong><span style=\"color: #008000;\">tapahtumat ja aukioloajat<\/span><br \/>\n<\/strong><\/cite><\/a><\/p>\n<p><img loading=\"lazy\" decoding=\"async\" class=\"aligncenter wp-image-35\" src=\"https:\/\/aikataulut.suokki.net\/wp-content\/uploads\/2018\/07\/sus1.gif\" alt=\"\" width=\"224\" height=\"147\" \/><\/p>\n<div align=\"center\">\n<pre><span style=\"color: #999966;\">Linkit on poimittu\n julkisista l\u00e4hteist\u00e4,\neik\u00e4 niiden oikeellisuudesta\n tai toiminnasta vastaa \nsuokki.net<\/span><\/pre>\n<\/div>\n<\/div>\n<\/div>\n","protected":false},"excerpt":{"rendered":"<p>Suomen Saaristokuljetus lautta Kauppatorilta lautta Suokista huoltolautta Katajanokalta (vain arkisin) huoltolautta Suokista (vain arkisin) tapahtumat ja aukioloajat Linkit on poimittu julkisista l\u00e4hteist\u00e4, eik\u00e4 niiden oikeellisuudesta tai toiminnasta vastaa suokki.net<\/p>\n","protected":false},"author":1,"featured_media":0,"parent":0,"menu_order":0,"comment_status":"closed","ping_status":"closed","template":"","meta":{"footnotes":""},"class_list":["post-6","page","type-page","status-publish","hentry"],"_links":{"self":[{"href":"https:\/\/aikataulut.suokki.net\/index.php?rest_route=\/wp\/v2\/pages\/6","targetHints":{"allow":["GET"]}}],"collection":[{"href":"https:\/\/aikataulut.suokki.net\/index.php?rest_route=\/wp\/v2\/pages"}],"about":[{"href":"https:\/\/aikataulut.suokki.net\/index.php?rest_route=\/wp\/v2\/types\/page"}],"author":[{"embeddable":true,"href":"https:\/\/aikataulut.suokki.net\/index.php?rest_route=\/wp\/v2\/users\/1"}],"replies":[{"embeddable":true,"href":"https:\/\/aikataulut.suokki.net\/index.php?rest_route=%2Fwp%2Fv2%2Fcomments&post=6"}],"version-history":[{"count":18,"href":"https:\/\/aikataulut.suokki.net\/index.php?rest_route=\/wp\/v2\/pages\/6\/revisions"}],"predecessor-version":[{"id":54,"href":"https:\/\/aikataulut.suokki.net\/index.php?rest_route=\/wp\/v2\/pages\/6\/revisions\/54"}],"wp:attachment":[{"href":"https:\/\/aikataulut.suokki.net\/index.php?rest_route=%2Fwp%2Fv2%2Fmedia&parent=6"}],"curies":[{"name":"wp","href":"https:\/\/api.w.org\/{rel}","templated":true}]}}